{"id":3074,"date":"2023-08-11T17:02:31","date_gmt":"2023-08-11T15:02:31","guid":{"rendered":"http:\/\/cupertino.es\/_proyectos\/focu\/2023\/?page_id=3074"},"modified":"2023-09-19T13:07:01","modified_gmt":"2023-09-19T16:07:01","slug":"spotify","status":"publish","type":"page","link":"http:\/\/cupertino.es\/_proyectos\/focu\/2023\/fotos\/spotify\/","title":{"rendered":"SPOTIFY"},"content":{"rendered":"\t\t<div data-elementor-type=\"wp-page\" data-elementor-id=\"3074\" class=\"elementor elementor-3074\" data-elementor-post-type=\"page\">\n\t\t\t\t\t\t<section class=\"elementor-section elementor-top-section elementor-element elementor-element-341e65f elementor-section-boxed elementor-section-height-default elementor-section-height-default\" data-id=\"341e65f\" data-element_type=\"section\" data-settings=\"{&quot;jet_parallax_layout_list&quot;:[]}\">\n\t\t\t\t\t\t<div class=\"elementor-container elementor-column-gap-default\">\n\t\t\t\t\t<div class=\"elementor-column elementor-col-100 elementor-top-column elementor-element elementor-element-5498af5\" data-id=\"5498af5\" data-element_type=\"column\">\n\t\t\t<div class=\"elementor-widget-wrap elementor-element-populated\">\n\t\t\t\t\t\t<div class=\"elementor-element elementor-element-34468ea elementor-widget elementor-widget-heading\" data-id=\"34468ea\" data-element_type=\"widget\" data-widget_type=\"heading.default\">\n\t\t\t\t<div class=\"elementor-widget-container\">\n\t\t\t<h2 class=\"elementor-heading-title elementor-size-default\">FOTOS SPOTIFY\u00ae<\/h2>\t\t<\/div>\n\t\t\t\t<\/div>\n\t\t\t\t\t<\/div>\n\t\t<\/div>\n\t\t\t\t\t<\/div>\n\t\t<\/section>\n\t\t\t\t<section class=\"elementor-section elementor-top-section elementor-element elementor-element-89339ad elementor-section-boxed elementor-section-height-default elementor-section-height-default\" data-id=\"89339ad\" data-element_type=\"section\" data-settings=\"{&quot;jet_parallax_layout_list&quot;:[]}\">\n\t\t\t\t\t\t<div class=\"elementor-container elementor-column-gap-default\">\n\t\t\t\t\t<div class=\"elementor-column elementor-col-100 elementor-top-column elementor-element elementor-element-d171a51\" data-id=\"d171a51\" data-element_type=\"column\">\n\t\t\t<div class=\"elementor-widget-wrap elementor-element-populated\">\n\t\t\t\t\t\t<div class=\"elementor-element elementor-element-8ac8e5a raven-products-add-to-cart-button-outside raven-products-columns--mobile-count-1 raven-products-gerenal-layout-grid raven-products-content-layout-under-image raven-products-columns--count-3 raven-title-show raven-price-show raven-atc-button-show raven-sale-badge-show raven-oos-badge-show raven-quick-view-show raven-attribute-swatches-show box-alignment-center elementor-widget elementor-widget-raven-wc-products\" data-id=\"8ac8e5a\" data-element_type=\"widget\" data-settings=\"{&quot;layout&quot;:&quot;custom&quot;,&quot;show_all_products&quot;:&quot;yes&quot;,&quot;pc_atc_button_location&quot;:&quot;outside&quot;,&quot;query_orderby&quot;:&quot;menu_order&quot;,&quot;columns_custom_mobile&quot;:&quot;1&quot;,&quot;query_order&quot;:&quot;ASC&quot;,&quot;query_offset&quot;:0,&quot;view_as&quot;:&quot;column&quot;,&quot;general_layout&quot;:&quot;grid&quot;,&quot;content_layout&quot;:&quot;under-image&quot;,&quot;columns_custom&quot;:&quot;3&quot;,&quot;pc_atc_button_icon&quot;:{&quot;value&quot;:&quot;&quot;,&quot;library&quot;:&quot;&quot;}}\" data-widget_type=\"raven-wc-products.default\">\n\t\t\t\t<div class=\"elementor-widget-container\">\n\t\t\t\t\t<div\n\t\t\tclass=\"raven-wc-products-wrapper raven-wc-products-custom\"\n\t\t\tdata-settings=\"{&quot;layout&quot;:&quot;custom&quot;,&quot;total_pages&quot;:1,&quot;image_size&quot;:&quot;full&quot;}\"\n\t\t\tdata-query=\"{&quot;\\u0000*\\u0000type&quot;:&quot;products&quot;,&quot;\\u0000*\\u0000attributes&quot;:{&quot;limit&quot;:&quot;-1&quot;,&quot;columns&quot;:&quot;3&quot;,&quot;rows&quot;:null,&quot;orderby&quot;:&quot;menu_order&quot;,&quot;order&quot;:&quot;ASC&quot;,&quot;ids&quot;:&quot;&quot;,&quot;skus&quot;:&quot;&quot;,&quot;category&quot;:&quot;21&quot;,&quot;cat_operator&quot;:&quot;IN&quot;,&quot;attribute&quot;:&quot;&quot;,&quot;terms&quot;:&quot;&quot;,&quot;terms_operator&quot;:&quot;IN&quot;,&quot;tag&quot;:&quot;spotify&quot;,&quot;tag_operator&quot;:&quot;IN&quot;,&quot;visibility&quot;:&quot;visible&quot;,&quot;class&quot;:&quot;&quot;,&quot;page&quot;:1,&quot;paginate&quot;:false,&quot;cache&quot;:true},&quot;\\u0000*\\u0000query_args&quot;:{&quot;post_type&quot;:&quot;product&quot;,&quot;post_status&quot;:&quot;publish&quot;,&quot;ignore_sticky_posts&quot;:true,&quot;no_found_rows&quot;:false,&quot;orderby&quot;:&quot;menu_order title&quot;,&quot;order&quot;:&quot;ASC&quot;,&quot;posts_per_page&quot;:-1,&quot;meta_query&quot;:[],&quot;tax_query&quot;:[{&quot;taxonomy&quot;:&quot;product_visibility&quot;,&quot;field&quot;:&quot;term_taxonomy_id&quot;,&quot;terms&quot;:[6],&quot;operator&quot;:&quot;NOT IN&quot;},{&quot;taxonomy&quot;:&quot;product_cat&quot;,&quot;terms&quot;:[21],&quot;field&quot;:&quot;term_id&quot;,&quot;operator&quot;:&quot;IN&quot;,&quot;include_children&quot;:true},{&quot;taxonomy&quot;:&quot;product_tag&quot;,&quot;terms&quot;:[&quot;spotify&quot;],&quot;field&quot;:&quot;slug&quot;,&quot;operator&quot;:&quot;IN&quot;}],&quot;suppress_filters&quot;:false,&quot;jet_smart_filters&quot;:&quot;woocommerce-shortcode\\\/default&quot;,&quot;fields&quot;:&quot;ids&quot;},&quot;\\u0000*\\u0000custom_visibility&quot;:false,&quot;fallback_filter&quot;:null}\"\n\t\t\t\t\t>\n\t\t\t<h2 class=\"raven-wc-products-title\"><\/h2><div class=\"woocommerce columns-3 \"><ul class=\"products columns-3\">\n<li class=\"product type-product post-4178 status-publish first instock product_cat-fotos product_tag-fotos product_tag-pola product_tag-polaroid product_tag-spotify has-post-thumbnail featured shipping-taxable purchasable product-type-simple\">\n\t<div class=\"jupiterx-products-wrapper \"><div class=\"jupiterx-product-container  \" data-product-id=\"4178\"><a href=\"http:\/\/cupertino.es\/_proyectos\/focu\/2023\/producto\/fotos-minipola\/\" class=\"woocommerce-LoopProduct-link woocommerce-loop-product__link\"><div class=jupiterx-wc-loop-product-image-wrapper><a href=http:\/\/cupertino.es\/_proyectos\/focu\/2023\/producto\/fotos-minipola\/><div class=\"jupiterx-wc-loop-product-image raven-image-fit\"><div class=\"raven-product-image-overlay\"><\/div><img fetchpriority=\"high\" decoding=\"async\" width=\"600\" height=\"600\" src=\"http:\/\/cupertino.es\/_proyectos\/focu\/2023\/wp-content\/uploads\/2023\/08\/Categoria_Fotos_600x600.png\" class=\"attachment-full size-full\" alt=\"\" \/><\/div><\/a><\/div><a href=\"http:\/\/cupertino.es\/_proyectos\/focu\/2023\/producto\/fotos-minipola\/\" class=\"woocommerce-LoopProduct-link woocommerce-loop-product__link\"><\/a><a href=\"?add-to-cart=4178\" aria-describedby=\"woocommerce_loop_add_to_cart_link_describedby_4178\" data-quantity=\"1\" class=\"button product_type_simple add_to_cart_button ajax_add_to_cart\" data-product_id=\"4178\" data-product_sku=\"\" aria-label=\"Add to cart: &ldquo;FOTOS MINI POLA&rdquo;\" rel=\"nofollow\" data-success_message=\"&ldquo;FOTOS MINI POLA&rdquo; has been added to your cart\"> Add to cart<\/a>\t<span id=\"woocommerce_loop_add_to_cart_link_describedby_4178\" class=\"screen-reader-text\">\n\t\t\t<\/span>\n<\/div><\/div><\/a><\/li>\n<li class=\"product type-product post-3646 status-publish instock product_cat-fotos product_tag-fotos product_tag-pola product_tag-polaroid product_tag-spotify has-post-thumbnail featured shipping-taxable purchasable product-type-simple\">\n\t<div class=\"jupiterx-products-wrapper \"><div class=\"jupiterx-product-container  \" data-product-id=\"3646\"><a href=\"http:\/\/cupertino.es\/_proyectos\/focu\/2023\/producto\/fotos-pola\/\" class=\"woocommerce-LoopProduct-link woocommerce-loop-product__link\"><div class=jupiterx-wc-loop-product-image-wrapper><a href=http:\/\/cupertino.es\/_proyectos\/focu\/2023\/producto\/fotos-pola\/><div class=\"jupiterx-wc-loop-product-image raven-image-fit\"><div class=\"raven-product-image-overlay\"><\/div><img decoding=\"async\" width=\"599\" height=\"599\" src=\"http:\/\/cupertino.es\/_proyectos\/focu\/2023\/wp-content\/uploads\/2023\/07\/DDP2023_1080x1920px_Fotos-1-e1692919116408.png\" class=\"attachment-full size-full\" alt=\"\" \/><\/div><\/a><\/div><a href=\"http:\/\/cupertino.es\/_proyectos\/focu\/2023\/producto\/fotos-pola\/\" class=\"woocommerce-LoopProduct-link woocommerce-loop-product__link\"><\/a><a href=\"?add-to-cart=3646\" aria-describedby=\"woocommerce_loop_add_to_cart_link_describedby_3646\" data-quantity=\"1\" class=\"button product_type_simple add_to_cart_button ajax_add_to_cart\" data-product_id=\"3646\" data-product_sku=\"\" aria-label=\"Add to cart: &ldquo;FOTOS POLA&rdquo;\" rel=\"nofollow\" data-success_message=\"&ldquo;FOTOS POLA&rdquo; has been added to your cart\"> Add to cart<\/a>\t<span id=\"woocommerce_loop_add_to_cart_link_describedby_3646\" class=\"screen-reader-text\">\n\t\t\t<\/span>\n<\/div><\/div><\/a><\/li>\n<li class=\"product type-product post-4179 status-publish last instock product_cat-fotos product_tag-fotos product_tag-pola product_tag-polaroid product_tag-spotify has-post-thumbnail featured shipping-taxable purchasable product-type-simple\">\n\t<div class=\"jupiterx-products-wrapper \"><div class=\"jupiterx-product-container  \" data-product-id=\"4179\"><a href=\"http:\/\/cupertino.es\/_proyectos\/focu\/2023\/producto\/fotos-pola-xl\/\" class=\"woocommerce-LoopProduct-link woocommerce-loop-product__link\"><div class=jupiterx-wc-loop-product-image-wrapper><a href=http:\/\/cupertino.es\/_proyectos\/focu\/2023\/producto\/fotos-pola-xl\/><div class=\"jupiterx-wc-loop-product-image raven-image-fit\"><div class=\"raven-product-image-overlay\"><\/div><img fetchpriority=\"high\" decoding=\"async\" width=\"600\" height=\"600\" src=\"http:\/\/cupertino.es\/_proyectos\/focu\/2023\/wp-content\/uploads\/2023\/08\/Categoria_Fotos_600x600.png\" class=\"attachment-full size-full\" alt=\"\" \/><\/div><\/a><\/div><a href=\"http:\/\/cupertino.es\/_proyectos\/focu\/2023\/producto\/fotos-pola-xl\/\" class=\"woocommerce-LoopProduct-link woocommerce-loop-product__link\"><\/a><a href=\"?add-to-cart=4179\" aria-describedby=\"woocommerce_loop_add_to_cart_link_describedby_4179\" data-quantity=\"1\" class=\"button product_type_simple add_to_cart_button ajax_add_to_cart\" data-product_id=\"4179\" data-product_sku=\"\" aria-label=\"Add to cart: &ldquo;FOTOS POLA XL&rdquo;\" rel=\"nofollow\" data-success_message=\"&ldquo;FOTOS POLA XL&rdquo; has been added to your cart\"> Add to cart<\/a>\t<span id=\"woocommerce_loop_add_to_cart_link_describedby_4179\" class=\"screen-reader-text\">\n\t\t\t<\/span>\n<\/div><\/div><\/a><\/li>\n<li class=\"product type-product post-3361 status-publish first instock product_cat-fotos product_tag-fotos product_tag-pola product_tag-polaroid product_tag-spotify has-post-thumbnail featured shipping-taxable purchasable product-type-simple\">\n\t<div class=\"jupiterx-products-wrapper \"><div class=\"jupiterx-product-container  \" data-product-id=\"3361\"><a href=\"http:\/\/cupertino.es\/_proyectos\/focu\/2023\/producto\/fotosspotify\/\" class=\"woocommerce-LoopProduct-link woocommerce-loop-product__link\"><div class=jupiterx-wc-loop-product-image-wrapper><a href=http:\/\/cupertino.es\/_proyectos\/focu\/2023\/producto\/fotosspotify\/><div class=\"jupiterx-wc-loop-product-image raven-image-fit\"><div class=\"raven-product-image-overlay\"><\/div><img decoding=\"async\" width=\"600\" height=\"600\" src=\"http:\/\/cupertino.es\/_proyectos\/focu\/2023\/wp-content\/uploads\/2023\/08\/Fotos-Pola-Spotify_600x600.png\" class=\"attachment-full size-full\" alt=\"\" \/><\/div><\/a><\/div><a href=\"http:\/\/cupertino.es\/_proyectos\/focu\/2023\/producto\/fotosspotify\/\" class=\"woocommerce-LoopProduct-link woocommerce-loop-product__link\"><\/a><a href=\"?add-to-cart=3361\" aria-describedby=\"woocommerce_loop_add_to_cart_link_describedby_3361\" data-quantity=\"1\" class=\"button product_type_simple add_to_cart_button ajax_add_to_cart\" data-product_id=\"3361\" data-product_sku=\"\" aria-label=\"Add to cart: &ldquo;FOTOS SPOTIFY&rdquo;\" rel=\"nofollow\" data-success_message=\"&ldquo;FOTOS SPOTIFY&rdquo; has been added to your cart\"> Add to cart<\/a>\t<span id=\"woocommerce_loop_add_to_cart_link_describedby_3361\" class=\"screen-reader-text\">\n\t\t\t<\/span>\n<\/div><\/div><\/a><\/li>\n<li class=\"product type-product post-4096 status-publish instock product_cat-fotos product_cat-imanes product_tag-fotos product_tag-imanes product_tag-pola product_tag-polaroid product_tag-spotify has-post-thumbnail featured shipping-taxable purchasable product-type-simple\">\n\t<div class=\"jupiterx-products-wrapper \"><div class=\"jupiterx-product-container  \" data-product-id=\"4096\"><a href=\"http:\/\/cupertino.es\/_proyectos\/focu\/2023\/producto\/iman-minipola\/\" class=\"woocommerce-LoopProduct-link woocommerce-loop-product__link\"><div class=jupiterx-wc-loop-product-image-wrapper><a href=http:\/\/cupertino.es\/_proyectos\/focu\/2023\/producto\/iman-minipola\/><div class=\"jupiterx-wc-loop-product-image raven-image-fit\"><div class=\"raven-product-image-overlay\"><\/div><img fetchpriority=\"high\" decoding=\"async\" width=\"600\" height=\"600\" src=\"http:\/\/cupertino.es\/_proyectos\/focu\/2023\/wp-content\/uploads\/2023\/08\/Categoria_Fotos_600x600.png\" class=\"attachment-full size-full\" alt=\"\" \/><\/div><\/a><\/div><a href=\"http:\/\/cupertino.es\/_proyectos\/focu\/2023\/producto\/iman-minipola\/\" class=\"woocommerce-LoopProduct-link woocommerce-loop-product__link\"><\/a><a href=\"?add-to-cart=4096\" aria-describedby=\"woocommerce_loop_add_to_cart_link_describedby_4096\" data-quantity=\"1\" class=\"button product_type_simple add_to_cart_button ajax_add_to_cart\" data-product_id=\"4096\" data-product_sku=\"\" aria-label=\"Add to cart: &ldquo;IM\u00c1N MINI POLA&rdquo;\" rel=\"nofollow\" data-success_message=\"&ldquo;IM\u00c1N MINI POLA&rdquo; has been added to your cart\"> Add to cart<\/a>\t<span id=\"woocommerce_loop_add_to_cart_link_describedby_4096\" class=\"screen-reader-text\">\n\t\t\t<\/span>\n<\/div><\/div><\/a><\/li>\n<li class=\"product type-product post-4095 status-publish last instock product_cat-fotos product_cat-imanes product_tag-fotos product_tag-imanes product_tag-pola product_tag-polaroid product_tag-spotify has-post-thumbnail featured shipping-taxable purchasable product-type-simple\">\n\t<div class=\"jupiterx-products-wrapper \"><div class=\"jupiterx-product-container  \" data-product-id=\"4095\"><a href=\"http:\/\/cupertino.es\/_proyectos\/focu\/2023\/producto\/imanespola\/\" class=\"woocommerce-LoopProduct-link woocommerce-loop-product__link\"><div class=jupiterx-wc-loop-product-image-wrapper><a href=http:\/\/cupertino.es\/_proyectos\/focu\/2023\/producto\/imanespola\/><div class=\"jupiterx-wc-loop-product-image raven-image-fit\"><div class=\"raven-product-image-overlay\"><\/div><img decoding=\"async\" width=\"599\" height=\"599\" src=\"http:\/\/cupertino.es\/_proyectos\/focu\/2023\/wp-content\/uploads\/2023\/07\/DDP2023_1080x1920px_Fotos-1-e1692919116408.png\" class=\"attachment-full size-full\" alt=\"\" \/><\/div><\/a><\/div><a href=\"http:\/\/cupertino.es\/_proyectos\/focu\/2023\/producto\/imanespola\/\" class=\"woocommerce-LoopProduct-link woocommerce-loop-product__link\"><\/a><a href=\"?add-to-cart=4095\" aria-describedby=\"woocommerce_loop_add_to_cart_link_describedby_4095\" data-quantity=\"1\" class=\"button product_type_simple add_to_cart_button ajax_add_to_cart\" data-product_id=\"4095\" data-product_sku=\"\" aria-label=\"Add to cart: &ldquo;IM\u00c1N POLA&rdquo;\" rel=\"nofollow\" data-success_message=\"&ldquo;IM\u00c1N POLA&rdquo; has been added to your cart\"> Add to cart<\/a>\t<span id=\"woocommerce_loop_add_to_cart_link_describedby_4095\" class=\"screen-reader-text\">\n\t\t\t<\/span>\n<\/div><\/div><\/a><\/li>\n<li class=\"product type-product post-4104 status-publish first instock product_cat-fotos product_cat-imanes product_tag-fotos product_tag-imanes product_tag-pola product_tag-polaroid product_tag-spotify has-post-thumbnail featured shipping-taxable purchasable product-type-simple\">\n\t<div class=\"jupiterx-products-wrapper \"><div class=\"jupiterx-product-container  \" data-product-id=\"4104\"><a href=\"http:\/\/cupertino.es\/_proyectos\/focu\/2023\/producto\/iman-spotify\/\" class=\"woocommerce-LoopProduct-link woocommerce-loop-product__link\"><div class=jupiterx-wc-loop-product-image-wrapper><a href=http:\/\/cupertino.es\/_proyectos\/focu\/2023\/producto\/iman-spotify\/><div class=\"jupiterx-wc-loop-product-image raven-image-fit\"><div class=\"raven-product-image-overlay\"><\/div><img decoding=\"async\" width=\"600\" height=\"600\" src=\"http:\/\/cupertino.es\/_proyectos\/focu\/2023\/wp-content\/uploads\/2023\/08\/Fotos-Pola-Spotify_600x600.png\" class=\"attachment-full size-full\" alt=\"\" \/><\/div><\/a><\/div><a href=\"http:\/\/cupertino.es\/_proyectos\/focu\/2023\/producto\/iman-spotify\/\" class=\"woocommerce-LoopProduct-link woocommerce-loop-product__link\"><\/a><a href=\"?add-to-cart=4104\" aria-describedby=\"woocommerce_loop_add_to_cart_link_describedby_4104\" data-quantity=\"1\" class=\"button product_type_simple add_to_cart_button ajax_add_to_cart\" data-product_id=\"4104\" data-product_sku=\"\" aria-label=\"Add to cart: &ldquo;IM\u00c1N SPOTIFY&rdquo;\" rel=\"nofollow\" data-success_message=\"&ldquo;IM\u00c1N SPOTIFY&rdquo; has been added to your cart\"> Add to cart<\/a>\t<span id=\"woocommerce_loop_add_to_cart_link_describedby_4104\" class=\"screen-reader-text\">\n\t\t\t<\/span>\n<\/div><\/div><\/a><\/li>\n<li class=\"product type-product post-4103 status-publish instock product_cat-fotos product_cat-imanes product_tag-fotos product_tag-imanes product_tag-pola product_tag-polaroid product_tag-spotify has-post-thumbnail featured shipping-taxable purchasable product-type-simple\">\n\t<div class=\"jupiterx-products-wrapper \"><div class=\"jupiterx-product-container  \" data-product-id=\"4103\"><a href=\"http:\/\/cupertino.es\/_proyectos\/focu\/2023\/producto\/imanspotifymini\/\" class=\"woocommerce-LoopProduct-link woocommerce-loop-product__link\"><div class=jupiterx-wc-loop-product-image-wrapper><a href=http:\/\/cupertino.es\/_proyectos\/focu\/2023\/producto\/imanspotifymini\/><div class=\"jupiterx-wc-loop-product-image raven-image-fit\"><div class=\"raven-product-image-overlay\"><\/div><img decoding=\"async\" width=\"600\" height=\"600\" src=\"http:\/\/cupertino.es\/_proyectos\/focu\/2023\/wp-content\/uploads\/2023\/08\/Fotos-Pola-Spotify_600x600.png\" class=\"attachment-full size-full\" alt=\"\" \/><\/div><\/a><\/div><a href=\"http:\/\/cupertino.es\/_proyectos\/focu\/2023\/producto\/imanspotifymini\/\" class=\"woocommerce-LoopProduct-link woocommerce-loop-product__link\"><\/a><a href=\"?add-to-cart=4103\" aria-describedby=\"woocommerce_loop_add_to_cart_link_describedby_4103\" data-quantity=\"1\" class=\"button product_type_simple add_to_cart_button ajax_add_to_cart\" data-product_id=\"4103\" data-product_sku=\"\" aria-label=\"Add to cart: &ldquo;IM\u00c1N SPOTIFY MINI&rdquo;\" rel=\"nofollow\" data-success_message=\"&ldquo;IM\u00c1N SPOTIFY MINI&rdquo; has been added to your cart\"> Add to cart<\/a>\t<span id=\"woocommerce_loop_add_to_cart_link_describedby_4103\" class=\"screen-reader-text\">\n\t\t\t<\/span>\n<\/div><\/div><\/a><\/li>\n<\/ul>\n<\/div>\t\t<\/div>\n\t\t\t\t<\/div>\n\t\t\t\t<\/div>\n\t\t\t\t\t<\/div>\n\t\t<\/div>\n\t\t\t\t\t<\/div>\n\t\t<\/section>\n\t\t\t\t<\/div>\n\t\t","protected":false},"excerpt":{"rendered":"<p>FOTOS SPOTIFY\u00ae FOTOS FOTOS MINI POLA &#36;990.00 A\u00f1adir al carrito FOTOS FOTOS POLA &#36;990.00 A\u00f1adir al carrito FOTOS FOTOS POLA XL &#36;990.00 A\u00f1adir al carrito FOTOS FOTOS SPOTIFY &#36;990.00 A\u00f1adir al carrito FOTOS, IMANES IM\u00c1N MINI POLA &#36;1,200.00 A\u00f1adir al carrito FOTOS, IMANES IM\u00c1N POLA &#36;1,200.00 A\u00f1adir al carrito FOTOS, IMANES IM\u00c1N SPOTIFY &#36;1,200.00 A\u00f1adir [&hellip;]<\/p>\n","protected":false},"author":1,"featured_media":0,"parent":1291,"menu_order":0,"comment_status":"closed","ping_status":"closed","template":"full-width.php","meta":{"_acf_changed":false,"footnotes":""},"class_list":["post-3074","page","type-page","status-publish","hentry"],"acf":[],"_links":{"self":[{"href":"http:\/\/cupertino.es\/_proyectos\/focu\/2023\/wp-json\/wp\/v2\/pages\/3074","targetHints":{"allow":["GET"]}}],"collection":[{"href":"http:\/\/cupertino.es\/_proyectos\/focu\/2023\/wp-json\/wp\/v2\/pages"}],"about":[{"href":"http:\/\/cupertino.es\/_proyectos\/focu\/2023\/wp-json\/wp\/v2\/types\/page"}],"author":[{"embeddable":true,"href":"http:\/\/cupertino.es\/_proyectos\/focu\/2023\/wp-json\/wp\/v2\/users\/1"}],"replies":[{"embeddable":true,"href":"http:\/\/cupertino.es\/_proyectos\/focu\/2023\/wp-json\/wp\/v2\/comments?post=3074"}],"version-history":[{"count":4,"href":"http:\/\/cupertino.es\/_proyectos\/focu\/2023\/wp-json\/wp\/v2\/pages\/3074\/revisions"}],"predecessor-version":[{"id":4691,"href":"http:\/\/cupertino.es\/_proyectos\/focu\/2023\/wp-json\/wp\/v2\/pages\/3074\/revisions\/4691"}],"up":[{"embeddable":true,"href":"http:\/\/cupertino.es\/_proyectos\/focu\/2023\/wp-json\/wp\/v2\/pages\/1291"}],"wp:attachment":[{"href":"http:\/\/cupertino.es\/_proyectos\/focu\/2023\/wp-json\/wp\/v2\/media?parent=3074"}],"curies":[{"name":"wp","href":"https:\/\/api.w.org\/{rel}","templated":true}]}}