{"id":3055,"date":"2023-08-11T16:53:08","date_gmt":"2023-08-11T14:53:08","guid":{"rendered":"http:\/\/cupertino.es\/_proyectos\/focu\/2023\/?page_id=3055"},"modified":"2023-09-18T17:30:56","modified_gmt":"2023-09-18T20:30:56","slug":"agendas","status":"publish","type":"page","link":"http:\/\/cupertino.es\/_proyectos\/focu\/2023\/stationery\/agendas\/","title":{"rendered":"AGENDAS"},"content":{"rendered":"\t\t<div data-elementor-type=\"wp-page\" data-elementor-id=\"3055\" class=\"elementor elementor-3055\" data-elementor-post-type=\"page\">\n\t\t\t\t\t\t<section class=\"elementor-section elementor-top-section elementor-element elementor-element-d58f6c8 elementor-section-boxed elementor-section-height-default elementor-section-height-default\" data-id=\"d58f6c8\" data-element_type=\"section\" data-settings=\"{&quot;jet_parallax_layout_list&quot;:[]}\">\n\t\t\t\t\t\t<div class=\"elementor-container elementor-column-gap-default\">\n\t\t\t\t\t<div class=\"elementor-column elementor-col-100 elementor-top-column elementor-element elementor-element-7cb966d\" data-id=\"7cb966d\" data-element_type=\"column\">\n\t\t\t<div class=\"elementor-widget-wrap elementor-element-populated\">\n\t\t\t\t\t\t<div class=\"elementor-element elementor-element-131fa97 elementor-widget elementor-widget-heading\" data-id=\"131fa97\" data-element_type=\"widget\" data-widget_type=\"heading.default\">\n\t\t\t\t<div class=\"elementor-widget-container\">\n\t\t\t<h2 class=\"elementor-heading-title elementor-size-default\">AGENDAS 2024<\/h2>\t\t<\/div>\n\t\t\t\t<\/div>\n\t\t\t\t\t<\/div>\n\t\t<\/div>\n\t\t\t\t\t<\/div>\n\t\t<\/section>\n\t\t\t\t<section class=\"elementor-section elementor-top-section elementor-element elementor-element-1d0a794 elementor-section-boxed elementor-section-height-default elementor-section-height-default\" data-id=\"1d0a794\" data-element_type=\"section\" data-settings=\"{&quot;jet_parallax_layout_list&quot;:[]}\">\n\t\t\t\t\t\t<div class=\"elementor-container elementor-column-gap-default\">\n\t\t\t\t\t<div class=\"elementor-column elementor-col-100 elementor-top-column elementor-element elementor-element-e7bbe04\" data-id=\"e7bbe04\" data-element_type=\"column\">\n\t\t\t<div class=\"elementor-widget-wrap elementor-element-populated\">\n\t\t\t\t\t\t<div class=\"elementor-element elementor-element-71e4e31 raven-products-add-to-cart-button-outside raven-products-columns--mobile-count-1 raven-products-gerenal-layout-grid raven-products-content-layout-under-image raven-products-columns--count-3 raven-title-show raven-price-show raven-atc-button-show raven-sale-badge-show raven-oos-badge-show raven-quick-view-show raven-attribute-swatches-show box-alignment-center elementor-widget elementor-widget-raven-wc-products\" data-id=\"71e4e31\" data-element_type=\"widget\" data-settings=\"{&quot;layout&quot;:&quot;custom&quot;,&quot;show_all_products&quot;:&quot;yes&quot;,&quot;pc_atc_button_location&quot;:&quot;outside&quot;,&quot;query_orderby&quot;:&quot;rand&quot;,&quot;columns_custom_mobile&quot;:&quot;1&quot;,&quot;view_as&quot;:&quot;column&quot;,&quot;general_layout&quot;:&quot;grid&quot;,&quot;content_layout&quot;:&quot;under-image&quot;,&quot;columns_custom&quot;:&quot;3&quot;,&quot;pc_atc_button_icon&quot;:{&quot;value&quot;:&quot;&quot;,&quot;library&quot;:&quot;&quot;}}\" data-widget_type=\"raven-wc-products.default\">\n\t\t\t\t<div class=\"elementor-widget-container\">\n\t\t\t\t\t<div\n\t\t\tclass=\"raven-wc-products-wrapper raven-wc-products-custom\"\n\t\t\tdata-settings=\"{&quot;layout&quot;:&quot;custom&quot;,&quot;total_pages&quot;:1,&quot;image_size&quot;:&quot;full&quot;}\"\n\t\t\tdata-query=\"{&quot;\\u0000*\\u0000type&quot;:&quot;products&quot;,&quot;\\u0000*\\u0000attributes&quot;:{&quot;limit&quot;:&quot;-1&quot;,&quot;columns&quot;:&quot;3&quot;,&quot;rows&quot;:null,&quot;orderby&quot;:&quot;rand&quot;,&quot;order&quot;:null,&quot;ids&quot;:&quot;&quot;,&quot;skus&quot;:&quot;&quot;,&quot;category&quot;:&quot;86&quot;,&quot;cat_operator&quot;:&quot;IN&quot;,&quot;attribute&quot;:&quot;&quot;,&quot;terms&quot;:&quot;&quot;,&quot;terms_operator&quot;:&quot;IN&quot;,&quot;tag&quot;:&quot;&quot;,&quot;tag_operator&quot;:&quot;IN&quot;,&quot;visibility&quot;:&quot;visible&quot;,&quot;class&quot;:&quot;&quot;,&quot;page&quot;:1,&quot;paginate&quot;:false,&quot;cache&quot;:true},&quot;\\u0000*\\u0000query_args&quot;:{&quot;post_type&quot;:&quot;product&quot;,&quot;post_status&quot;:&quot;publish&quot;,&quot;ignore_sticky_posts&quot;:true,&quot;no_found_rows&quot;:false,&quot;orderby&quot;:&quot;rand&quot;,&quot;order&quot;:&quot;ASC&quot;,&quot;posts_per_page&quot;:-1,&quot;meta_query&quot;:[],&quot;tax_query&quot;:[{&quot;taxonomy&quot;:&quot;product_visibility&quot;,&quot;field&quot;:&quot;term_taxonomy_id&quot;,&quot;terms&quot;:[6],&quot;operator&quot;:&quot;NOT IN&quot;},{&quot;taxonomy&quot;:&quot;product_cat&quot;,&quot;terms&quot;:[86],&quot;field&quot;:&quot;term_id&quot;,&quot;operator&quot;:&quot;IN&quot;,&quot;include_children&quot;:true}],&quot;suppress_filters&quot;:false,&quot;jet_smart_filters&quot;:&quot;woocommerce-shortcode\\\/default&quot;,&quot;fields&quot;:&quot;ids&quot;},&quot;\\u0000*\\u0000custom_visibility&quot;:false,&quot;fallback_filter&quot;:null}\"\n\t\t\t\t\t>\n\t\t\t<h2 class=\"raven-wc-products-title\"><\/h2><div class=\"woocommerce columns-3 \"><ul class=\"products columns-3\">\n<li class=\"product type-product post-4610 status-publish first instock product_cat-agendas product_cat-stationery product_tag-agenda product_tag-stationary has-post-thumbnail shipping-taxable purchasable product-type-simple\">\n\t<div class=\"jupiterx-products-wrapper \"><div class=\"jupiterx-product-container  \" data-product-id=\"4610\"><a href=\"http:\/\/cupertino.es\/_proyectos\/focu\/2023\/producto\/pop-%c2%b7-agenda-2024\/\" class=\"woocommerce-LoopProduct-link woocommerce-loop-product__link\"><div class=jupiterx-wc-loop-product-image-wrapper><a href=http:\/\/cupertino.es\/_proyectos\/focu\/2023\/producto\/pop-%c2%b7-agenda-2024\/><div class=\"jupiterx-wc-loop-product-image raven-image-fit\"><div class=\"raven-product-image-overlay\"><\/div><img fetchpriority=\"high\" decoding=\"async\" width=\"1668\" height=\"1668\" src=\"http:\/\/cupertino.es\/_proyectos\/focu\/2023\/wp-content\/uploads\/2023\/09\/Mock-up-Agenda-2024_01_Agenda-Frente.png\" class=\"attachment-full size-full\" alt=\"\" \/><\/div><\/a><\/div><a href=\"http:\/\/cupertino.es\/_proyectos\/focu\/2023\/producto\/pop-%c2%b7-agenda-2024\/\" class=\"woocommerce-LoopProduct-link woocommerce-loop-product__link\"><\/a><a href=\"?add-to-cart=4610\" aria-describedby=\"woocommerce_loop_add_to_cart_link_describedby_4610\" data-quantity=\"1\" class=\"button product_type_simple add_to_cart_button ajax_add_to_cart\" data-product_id=\"4610\" data-product_sku=\"\" aria-label=\"Add to cart: &ldquo;POP \u00b7 AGENDA 2024&rdquo;\" rel=\"nofollow\" data-success_message=\"&ldquo;POP \u00b7 AGENDA 2024&rdquo; has been added to your cart\"> Add to cart<\/a>\t<span id=\"woocommerce_loop_add_to_cart_link_describedby_4610\" class=\"screen-reader-text\">\n\t\t\t<\/span>\n<\/div><\/div><\/a><\/li>\n<li class=\"product type-product post-4615 status-publish instock product_cat-agendas product_cat-stationery product_tag-agenda product_tag-stationary has-post-thumbnail shipping-taxable purchasable product-type-simple\">\n\t<div class=\"jupiterx-products-wrapper \"><div class=\"jupiterx-product-container  \" data-product-id=\"4615\"><a href=\"http:\/\/cupertino.es\/_proyectos\/focu\/2023\/producto\/terrazo-%c2%b7-agenda-2024\/\" class=\"woocommerce-LoopProduct-link woocommerce-loop-product__link\"><div class=jupiterx-wc-loop-product-image-wrapper><a href=http:\/\/cupertino.es\/_proyectos\/focu\/2023\/producto\/terrazo-%c2%b7-agenda-2024\/><div class=\"jupiterx-wc-loop-product-image raven-image-fit\"><div class=\"raven-product-image-overlay\"><\/div><img decoding=\"async\" width=\"1668\" height=\"1668\" src=\"http:\/\/cupertino.es\/_proyectos\/focu\/2023\/wp-content\/uploads\/2023\/09\/Mock-up-Agenda-2024_03_Agenda-Frente.png\" class=\"attachment-full size-full\" alt=\"\" \/><\/div><\/a><\/div><a href=\"http:\/\/cupertino.es\/_proyectos\/focu\/2023\/producto\/terrazo-%c2%b7-agenda-2024\/\" class=\"woocommerce-LoopProduct-link woocommerce-loop-product__link\"><\/a><a href=\"?add-to-cart=4615\" aria-describedby=\"woocommerce_loop_add_to_cart_link_describedby_4615\" data-quantity=\"1\" class=\"button product_type_simple add_to_cart_button ajax_add_to_cart\" data-product_id=\"4615\" data-product_sku=\"\" aria-label=\"Add to cart: &ldquo;TERRAZO \u00b7 AGENDA 2024&rdquo;\" rel=\"nofollow\" data-success_message=\"&ldquo;TERRAZO \u00b7 AGENDA 2024&rdquo; has been added to your cart\"> Add to cart<\/a>\t<span id=\"woocommerce_loop_add_to_cart_link_describedby_4615\" class=\"screen-reader-text\">\n\t\t\t<\/span>\n<\/div><\/div><\/a><\/li>\n<li class=\"product type-product post-4616 status-publish last instock product_cat-agendas product_cat-stationery product_tag-agenda product_tag-stationary has-post-thumbnail shipping-taxable purchasable product-type-simple\">\n\t<div class=\"jupiterx-products-wrapper \"><div class=\"jupiterx-product-container  \" data-product-id=\"4616\"><a href=\"http:\/\/cupertino.es\/_proyectos\/focu\/2023\/producto\/marmol-%c2%b7-agenda-2024\/\" class=\"woocommerce-LoopProduct-link woocommerce-loop-product__link\"><div class=jupiterx-wc-loop-product-image-wrapper><a href=http:\/\/cupertino.es\/_proyectos\/focu\/2023\/producto\/marmol-%c2%b7-agenda-2024\/><div class=\"jupiterx-wc-loop-product-image raven-image-fit\"><div class=\"raven-product-image-overlay\"><\/div><img decoding=\"async\" width=\"1668\" height=\"1668\" src=\"http:\/\/cupertino.es\/_proyectos\/focu\/2023\/wp-content\/uploads\/2023\/09\/Mock-up-Agenda-2024_04_Agenda-Frente.png\" class=\"attachment-full size-full\" alt=\"\" \/><\/div><\/a><\/div><a href=\"http:\/\/cupertino.es\/_proyectos\/focu\/2023\/producto\/marmol-%c2%b7-agenda-2024\/\" class=\"woocommerce-LoopProduct-link woocommerce-loop-product__link\"><\/a><a href=\"?add-to-cart=4616\" aria-describedby=\"woocommerce_loop_add_to_cart_link_describedby_4616\" data-quantity=\"1\" class=\"button product_type_simple add_to_cart_button ajax_add_to_cart\" data-product_id=\"4616\" data-product_sku=\"\" aria-label=\"Add to cart: &ldquo;M\u00c1RMOL \u00b7 AGENDA 2024&rdquo;\" rel=\"nofollow\" data-success_message=\"&ldquo;M\u00c1RMOL \u00b7 AGENDA 2024&rdquo; has been added to your cart\"> Add to cart<\/a>\t<span id=\"woocommerce_loop_add_to_cart_link_describedby_4616\" class=\"screen-reader-text\">\n\t\t\t<\/span>\n<\/div><\/div><\/a><\/li>\n<li class=\"product type-product post-4621 status-publish first instock product_cat-agendas product_cat-dia-de-la-madre product_cat-stationery product_tag-agenda product_tag-stationary has-post-thumbnail shipping-taxable purchasable product-type-simple\">\n\t<div class=\"jupiterx-products-wrapper \"><div class=\"jupiterx-product-container  \" data-product-id=\"4621\"><a href=\"http:\/\/cupertino.es\/_proyectos\/focu\/2023\/producto\/mama-te-amo-amarillo-%c2%b7-agenda-2024\/\" class=\"woocommerce-LoopProduct-link woocommerce-loop-product__link\"><div class=jupiterx-wc-loop-product-image-wrapper><a href=http:\/\/cupertino.es\/_proyectos\/focu\/2023\/producto\/mama-te-amo-amarillo-%c2%b7-agenda-2024\/><div class=\"jupiterx-wc-loop-product-image raven-image-fit\"><div class=\"raven-product-image-overlay\"><\/div><img loading=\"lazy\" decoding=\"async\" width=\"1668\" height=\"1668\" src=\"http:\/\/cupertino.es\/_proyectos\/focu\/2023\/wp-content\/uploads\/2023\/09\/Mock-up-Agenda-2024_DDM_03_Agenda-Frente.png\" class=\"attachment-full size-full\" alt=\"\" \/><\/div><\/a><\/div><a href=\"http:\/\/cupertino.es\/_proyectos\/focu\/2023\/producto\/mama-te-amo-amarillo-%c2%b7-agenda-2024\/\" class=\"woocommerce-LoopProduct-link woocommerce-loop-product__link\"><\/a><a href=\"?add-to-cart=4621\" aria-describedby=\"woocommerce_loop_add_to_cart_link_describedby_4621\" data-quantity=\"1\" class=\"button product_type_simple add_to_cart_button ajax_add_to_cart\" data-product_id=\"4621\" data-product_sku=\"\" aria-label=\"Add to cart: &ldquo;AGENDA 2024 \u00b7 MAM\u00c1 TE AMO&rdquo;\" rel=\"nofollow\" data-success_message=\"&ldquo;AGENDA 2024 \u00b7 MAM\u00c1 TE AMO&rdquo; has been added to your cart\"> Add to cart<\/a>\t<span id=\"woocommerce_loop_add_to_cart_link_describedby_4621\" class=\"screen-reader-text\">\n\t\t\t<\/span>\n<\/div><\/div><\/a><\/li>\n<li class=\"product type-product post-4622 status-publish instock product_cat-agendas product_cat-dia-de-la-madre product_cat-stationery product_tag-agenda product_tag-stationary has-post-thumbnail shipping-taxable purchasable product-type-simple\">\n\t<div class=\"jupiterx-products-wrapper \"><div class=\"jupiterx-product-container  \" data-product-id=\"4622\"><a href=\"http:\/\/cupertino.es\/_proyectos\/focu\/2023\/producto\/mama-te-amo-azul-%c2%b7-agenda-2024\/\" class=\"woocommerce-LoopProduct-link woocommerce-loop-product__link\"><div class=jupiterx-wc-loop-product-image-wrapper><a href=http:\/\/cupertino.es\/_proyectos\/focu\/2023\/producto\/mama-te-amo-azul-%c2%b7-agenda-2024\/><div class=\"jupiterx-wc-loop-product-image raven-image-fit\"><div class=\"raven-product-image-overlay\"><\/div><img loading=\"lazy\" decoding=\"async\" width=\"1668\" height=\"1668\" src=\"http:\/\/cupertino.es\/_proyectos\/focu\/2023\/wp-content\/uploads\/2023\/09\/Mock-up-Agenda-2024_DDM_04_Agenda-Frente.png\" class=\"attachment-full size-full\" alt=\"\" \/><\/div><\/a><\/div><a href=\"http:\/\/cupertino.es\/_proyectos\/focu\/2023\/producto\/mama-te-amo-azul-%c2%b7-agenda-2024\/\" class=\"woocommerce-LoopProduct-link woocommerce-loop-product__link\"><\/a><a href=\"?add-to-cart=4622\" aria-describedby=\"woocommerce_loop_add_to_cart_link_describedby_4622\" data-quantity=\"1\" class=\"button product_type_simple add_to_cart_button ajax_add_to_cart\" data-product_id=\"4622\" data-product_sku=\"\" aria-label=\"Add to cart: &ldquo;AGENDA 2024 \u00b7 MAM\u00c1 TE AMO&rdquo;\" rel=\"nofollow\" data-success_message=\"&ldquo;AGENDA 2024 \u00b7 MAM\u00c1 TE AMO&rdquo; has been added to your cart\"> Add to cart<\/a>\t<span id=\"woocommerce_loop_add_to_cart_link_describedby_4622\" class=\"screen-reader-text\">\n\t\t\t<\/span>\n<\/div><\/div><\/a><\/li>\n<li class=\"product type-product post-4619 status-publish last instock product_cat-agendas product_cat-dia-de-la-madre product_cat-stationery product_tag-agenda product_tag-stationary has-post-thumbnail shipping-taxable purchasable product-type-simple\">\n\t<div class=\"jupiterx-products-wrapper \"><div class=\"jupiterx-product-container  \" data-product-id=\"4619\"><a href=\"http:\/\/cupertino.es\/_proyectos\/focu\/2023\/producto\/mama-te-amo-%c2%b7-agenda-2024\/\" class=\"woocommerce-LoopProduct-link woocommerce-loop-product__link\"><div class=jupiterx-wc-loop-product-image-wrapper><a href=http:\/\/cupertino.es\/_proyectos\/focu\/2023\/producto\/mama-te-amo-%c2%b7-agenda-2024\/><div class=\"jupiterx-wc-loop-product-image raven-image-fit\"><div class=\"raven-product-image-overlay\"><\/div><img loading=\"lazy\" decoding=\"async\" width=\"1668\" height=\"1668\" src=\"http:\/\/cupertino.es\/_proyectos\/focu\/2023\/wp-content\/uploads\/2023\/09\/Mock-up-Agenda-2024_DDM_01_Agenda-Frente.png\" class=\"attachment-full size-full\" alt=\"\" \/><\/div><\/a><\/div><a href=\"http:\/\/cupertino.es\/_proyectos\/focu\/2023\/producto\/mama-te-amo-%c2%b7-agenda-2024\/\" class=\"woocommerce-LoopProduct-link woocommerce-loop-product__link\"><\/a><a href=\"?add-to-cart=4619\" aria-describedby=\"woocommerce_loop_add_to_cart_link_describedby_4619\" data-quantity=\"1\" class=\"button product_type_simple add_to_cart_button ajax_add_to_cart\" data-product_id=\"4619\" data-product_sku=\"\" aria-label=\"Add to cart: &ldquo;AGENDA 2024 \u00b7 MAM\u00c1 TE AMO&rdquo;\" rel=\"nofollow\" data-success_message=\"&ldquo;AGENDA 2024 \u00b7 MAM\u00c1 TE AMO&rdquo; has been added to your cart\"> Add to cart<\/a>\t<span id=\"woocommerce_loop_add_to_cart_link_describedby_4619\" class=\"screen-reader-text\">\n\t\t\t<\/span>\n<\/div><\/div><\/a><\/li>\n<li class=\"product type-product post-4614 status-publish first instock product_cat-agendas product_cat-stationery product_tag-agenda product_tag-stationary has-post-thumbnail shipping-taxable purchasable product-type-simple\">\n\t<div class=\"jupiterx-products-wrapper \"><div class=\"jupiterx-product-container  \" data-product-id=\"4614\"><a href=\"http:\/\/cupertino.es\/_proyectos\/focu\/2023\/producto\/amapola-%c2%b7-agenda-2024\/\" class=\"woocommerce-LoopProduct-link woocommerce-loop-product__link\"><div class=jupiterx-wc-loop-product-image-wrapper><a href=http:\/\/cupertino.es\/_proyectos\/focu\/2023\/producto\/amapola-%c2%b7-agenda-2024\/><div class=\"jupiterx-wc-loop-product-image raven-image-fit\"><div class=\"raven-product-image-overlay\"><\/div><img loading=\"lazy\" decoding=\"async\" width=\"1668\" height=\"1668\" src=\"http:\/\/cupertino.es\/_proyectos\/focu\/2023\/wp-content\/uploads\/2023\/09\/Mock-up-Agenda-2024_02_Agenda-Frente.png\" class=\"attachment-full size-full\" alt=\"\" \/><\/div><\/a><\/div><a href=\"http:\/\/cupertino.es\/_proyectos\/focu\/2023\/producto\/amapola-%c2%b7-agenda-2024\/\" class=\"woocommerce-LoopProduct-link woocommerce-loop-product__link\"><\/a><a href=\"?add-to-cart=4614\" aria-describedby=\"woocommerce_loop_add_to_cart_link_describedby_4614\" data-quantity=\"1\" class=\"button product_type_simple add_to_cart_button ajax_add_to_cart\" data-product_id=\"4614\" data-product_sku=\"\" aria-label=\"Add to cart: &ldquo;AMAPOLA \u00b7 AGENDA 2024&rdquo;\" rel=\"nofollow\" data-success_message=\"&ldquo;AMAPOLA \u00b7 AGENDA 2024&rdquo; has been added to your cart\"> Add to cart<\/a>\t<span id=\"woocommerce_loop_add_to_cart_link_describedby_4614\" class=\"screen-reader-text\">\n\t\t\t<\/span>\n<\/div><\/div><\/a><\/li>\n<li class=\"product type-product post-4617 status-publish instock product_cat-agendas product_cat-stationery product_tag-agenda product_tag-stationary has-post-thumbnail shipping-taxable purchasable product-type-simple\">\n\t<div class=\"jupiterx-products-wrapper \"><div class=\"jupiterx-product-container  \" data-product-id=\"4617\"><a href=\"http:\/\/cupertino.es\/_proyectos\/focu\/2023\/producto\/xilo-%c2%b7-agenda-2024-copia\/\" class=\"woocommerce-LoopProduct-link woocommerce-loop-product__link\"><div class=jupiterx-wc-loop-product-image-wrapper><a href=http:\/\/cupertino.es\/_proyectos\/focu\/2023\/producto\/xilo-%c2%b7-agenda-2024-copia\/><div class=\"jupiterx-wc-loop-product-image raven-image-fit\"><div class=\"raven-product-image-overlay\"><\/div><img loading=\"lazy\" decoding=\"async\" width=\"1668\" height=\"1668\" src=\"http:\/\/cupertino.es\/_proyectos\/focu\/2023\/wp-content\/uploads\/2023\/09\/Mock-up-Agenda-2024_05_Agenda-Frente.png\" class=\"attachment-full size-full\" alt=\"\" \/><\/div><\/a><\/div><a href=\"http:\/\/cupertino.es\/_proyectos\/focu\/2023\/producto\/xilo-%c2%b7-agenda-2024-copia\/\" class=\"woocommerce-LoopProduct-link woocommerce-loop-product__link\"><\/a><a href=\"?add-to-cart=4617\" aria-describedby=\"woocommerce_loop_add_to_cart_link_describedby_4617\" data-quantity=\"1\" class=\"button product_type_simple add_to_cart_button ajax_add_to_cart\" data-product_id=\"4617\" data-product_sku=\"\" aria-label=\"Add to cart: &ldquo;XILO \u00b7 AGENDA 2024&rdquo;\" rel=\"nofollow\" data-success_message=\"&ldquo;XILO \u00b7 AGENDA 2024&rdquo; has been added to your cart\"> Add to cart<\/a>\t<span id=\"woocommerce_loop_add_to_cart_link_describedby_4617\" class=\"screen-reader-text\">\n\t\t\t<\/span>\n<\/div><\/div><\/a><\/li>\n<li class=\"product type-product post-4618 status-publish last instock product_cat-agendas product_cat-stationery product_tag-agenda product_tag-stationary has-post-thumbnail shipping-taxable purchasable product-type-simple\">\n\t<div class=\"jupiterx-products-wrapper \"><div class=\"jupiterx-product-container  \" data-product-id=\"4618\"><a href=\"http:\/\/cupertino.es\/_proyectos\/focu\/2023\/producto\/xilo-%c2%b7-agenda-2024\/\" class=\"woocommerce-LoopProduct-link woocommerce-loop-product__link\"><div class=jupiterx-wc-loop-product-image-wrapper><a href=http:\/\/cupertino.es\/_proyectos\/focu\/2023\/producto\/xilo-%c2%b7-agenda-2024\/><div class=\"jupiterx-wc-loop-product-image raven-image-fit\"><div class=\"raven-product-image-overlay\"><\/div><img loading=\"lazy\" decoding=\"async\" width=\"1668\" height=\"1668\" src=\"http:\/\/cupertino.es\/_proyectos\/focu\/2023\/wp-content\/uploads\/2023\/09\/Mock-up-Agenda-2024_06_Agenda-Frente.png\" class=\"attachment-full size-full\" alt=\"\" \/><\/div><\/a><\/div><a href=\"http:\/\/cupertino.es\/_proyectos\/focu\/2023\/producto\/xilo-%c2%b7-agenda-2024\/\" class=\"woocommerce-LoopProduct-link woocommerce-loop-product__link\"><\/a><a href=\"?add-to-cart=4618\" aria-describedby=\"woocommerce_loop_add_to_cart_link_describedby_4618\" data-quantity=\"1\" class=\"button product_type_simple add_to_cart_button ajax_add_to_cart\" data-product_id=\"4618\" data-product_sku=\"\" aria-label=\"Add to cart: &ldquo;SPRITZ \u00b7 AGENDA 2024&rdquo;\" rel=\"nofollow\" data-success_message=\"&ldquo;SPRITZ \u00b7 AGENDA 2024&rdquo; has been added to your cart\"> Add to cart<\/a>\t<span id=\"woocommerce_loop_add_to_cart_link_describedby_4618\" class=\"screen-reader-text\">\n\t\t\t<\/span>\n<\/div><\/div><\/a><\/li>\n<li class=\"product type-product post-4620 status-publish first instock product_cat-agendas product_cat-dia-de-la-madre product_cat-stationery product_tag-agenda product_tag-stationary has-post-thumbnail shipping-taxable purchasable product-type-simple\">\n\t<div class=\"jupiterx-products-wrapper \"><div class=\"jupiterx-product-container  \" data-product-id=\"4620\"><a href=\"http:\/\/cupertino.es\/_proyectos\/focu\/2023\/producto\/mama-te-amo-lila-%c2%b7-agenda-2024\/\" class=\"woocommerce-LoopProduct-link woocommerce-loop-product__link\"><div class=jupiterx-wc-loop-product-image-wrapper><a href=http:\/\/cupertino.es\/_proyectos\/focu\/2023\/producto\/mama-te-amo-lila-%c2%b7-agenda-2024\/><div class=\"jupiterx-wc-loop-product-image raven-image-fit\"><div class=\"raven-product-image-overlay\"><\/div><img loading=\"lazy\" decoding=\"async\" width=\"1668\" height=\"1668\" src=\"http:\/\/cupertino.es\/_proyectos\/focu\/2023\/wp-content\/uploads\/2023\/09\/Mock-up-Agenda-2024_DDM_02_Agenda-Frente.png\" class=\"attachment-full size-full\" alt=\"\" \/><\/div><\/a><\/div><a href=\"http:\/\/cupertino.es\/_proyectos\/focu\/2023\/producto\/mama-te-amo-lila-%c2%b7-agenda-2024\/\" class=\"woocommerce-LoopProduct-link woocommerce-loop-product__link\"><\/a><a href=\"?add-to-cart=4620\" aria-describedby=\"woocommerce_loop_add_to_cart_link_describedby_4620\" data-quantity=\"1\" class=\"button product_type_simple add_to_cart_button ajax_add_to_cart\" data-product_id=\"4620\" data-product_sku=\"\" aria-label=\"Add to cart: &ldquo;AGENDA 2024 \u00b7 MAM\u00c1 TE AMO&rdquo;\" rel=\"nofollow\" data-success_message=\"&ldquo;AGENDA 2024 \u00b7 MAM\u00c1 TE AMO&rdquo; has been added to your cart\"> Add to cart<\/a>\t<span id=\"woocommerce_loop_add_to_cart_link_describedby_4620\" class=\"screen-reader-text\">\n\t\t\t<\/span>\n<\/div><\/div><\/a><\/li>\n<\/ul>\n<\/div>\t\t<\/div>\n\t\t\t\t<\/div>\n\t\t\t\t<\/div>\n\t\t\t\t\t<\/div>\n\t\t<\/div>\n\t\t\t\t\t<\/div>\n\t\t<\/section>\n\t\t\t\t<\/div>\n\t\t","protected":false},"excerpt":{"rendered":"<p>AGENDAS 2024 AGENDAS, STATIONERY M\u00c1RMOL \u00b7 AGENDA 2024 &#36;8,990.00 A\u00f1adir al carrito AGENDAS, STATIONERY SPRITZ \u00b7 AGENDA 2024 &#36;8,990.00 A\u00f1adir al carrito AGENDAS, D\u00cdA DE LA MADRE, STATIONERY MAM\u00c1 TE AMO \u00b7 AGENDA 2024 &#36;8,990.00 A\u00f1adir al carrito AGENDAS, STATIONERY XILO \u00b7 AGENDA 2024 &#36;8,990.00 A\u00f1adir al carrito AGENDAS, D\u00cdA DE LA MADRE, STATIONERY MAM\u00c1 [&hellip;]<\/p>\n","protected":false},"author":1,"featured_media":0,"parent":1294,"menu_order":0,"comment_status":"closed","ping_status":"closed","template":"full-width.php","meta":{"_acf_changed":false,"footnotes":""},"class_list":["post-3055","page","type-page","status-publish","hentry"],"acf":[],"_links":{"self":[{"href":"http:\/\/cupertino.es\/_proyectos\/focu\/2023\/wp-json\/wp\/v2\/pages\/3055","targetHints":{"allow":["GET"]}}],"collection":[{"href":"http:\/\/cupertino.es\/_proyectos\/focu\/2023\/wp-json\/wp\/v2\/pages"}],"about":[{"href":"http:\/\/cupertino.es\/_proyectos\/focu\/2023\/wp-json\/wp\/v2\/types\/page"}],"author":[{"embeddable":true,"href":"http:\/\/cupertino.es\/_proyectos\/focu\/2023\/wp-json\/wp\/v2\/users\/1"}],"replies":[{"embeddable":true,"href":"http:\/\/cupertino.es\/_proyectos\/focu\/2023\/wp-json\/wp\/v2\/comments?post=3055"}],"version-history":[{"count":7,"href":"http:\/\/cupertino.es\/_proyectos\/focu\/2023\/wp-json\/wp\/v2\/pages\/3055\/revisions"}],"predecessor-version":[{"id":4625,"href":"http:\/\/cupertino.es\/_proyectos\/focu\/2023\/wp-json\/wp\/v2\/pages\/3055\/revisions\/4625"}],"up":[{"embeddable":true,"href":"http:\/\/cupertino.es\/_proyectos\/focu\/2023\/wp-json\/wp\/v2\/pages\/1294"}],"wp:attachment":[{"href":"http:\/\/cupertino.es\/_proyectos\/focu\/2023\/wp-json\/wp\/v2\/media?parent=3055"}],"curies":[{"name":"wp","href":"https:\/\/api.w.org\/{rel}","templated":true}]}}